{"id":176,"date":"2025-06-30T01:45:02","date_gmt":"2025-06-30T04:45:02","guid":{"rendered":"https:\/\/paraguay.vatsur.org\/site\/?page_id=176"},"modified":"2025-06-30T01:47:33","modified_gmt":"2025-06-30T04:47:33","slug":"rango-atc","status":"publish","type":"page","link":"https:\/\/paraguay.vatsur.org\/site\/gn\/rango-atc\/","title":{"rendered":"Rango ATC"},"content":{"rendered":"","protected":false},"excerpt":{"rendered":"","protected":false},"author":2,"featured_media":0,"parent":0,"menu_order":0,"comment_status":"closed","ping_status":"closed","template":"full-width","meta":{"saved_in_kubio":true,"footnotes":""},"class_list":["post-176","page","type-page","status-publish","hentry"],"kubio_ai_page_context":{"short_desc":"","purpose":"general"},"yoast_head":"<!-- This site is optimized with the Yoast SEO plugin v25.5 - https:\/\/yoast.com\/wordpress\/plugins\/seo\/ -->\n<title>Rango ATC - VATSIM Paraguay<\/title>\n<meta name=\"robots\" content=\"noindex, follow, max-snippet:-1, max-image-preview:large, max-video-preview:-1\" \/>\n<meta property=\"og:locale\" content=\"gn_PY\" \/>\n<meta property=\"og:type\" content=\"article\" \/>\n<meta property=\"og:title\" content=\"Rango ATC - VATSIM Paraguay\" \/>\n<meta property=\"og:url\" content=\"https:\/\/paraguay.vatsur.org\/site\/gn\/rango-atc\/\" \/>\n<meta property=\"og:site_name\" content=\"VATSIM Paraguay\" \/>\n<meta property=\"article:modified_time\" content=\"2025-06-30T04:47:33+00:00\" \/>\n<meta name=\"twitter:card\" content=\"summary_large_image\" \/>\n<meta name=\"twitter:label1\" content=\"Est. reading time\" \/>\n\t<meta name=\"twitter:data1\" content=\"6 minutes\" \/>\n<script type=\"application\/ld+json\" class=\"yoast-schema-graph\">{\"@context\":\"https:\/\/schema.org\",\"@graph\":[{\"@type\":\"WebPage\",\"@id\":\"https:\/\/paraguay.vatsur.org\/site\/rango-atc\/\",\"url\":\"https:\/\/paraguay.vatsur.org\/site\/rango-atc\/\",\"name\":\"Rango ATC - VATSIM Paraguay\",\"isPartOf\":{\"@id\":\"https:\/\/paraguay.vatsur.org\/site\/#website\"},\"datePublished\":\"2025-06-30T04:45:02+00:00\",\"dateModified\":\"2025-06-30T04:47:33+00:00\",\"breadcrumb\":{\"@id\":\"https:\/\/paraguay.vatsur.org\/site\/rango-atc\/#breadcrumb\"},\"inLanguage\":\"gn-PY\",\"potentialAction\":[{\"@type\":\"ReadAction\",\"target\":[\"https:\/\/paraguay.vatsur.org\/site\/rango-atc\/\"]}]},{\"@type\":\"BreadcrumbList\",\"@id\":\"https:\/\/paraguay.vatsur.org\/site\/rango-atc\/#breadcrumb\",\"itemListElement\":[{\"@type\":\"ListItem\",\"position\":1,\"name\":\"Inicio\",\"item\":\"https:\/\/paraguay.vatsur.org\/site\/\"},{\"@type\":\"ListItem\",\"position\":2,\"name\":\"Rango ATC\"}]},{\"@type\":\"WebSite\",\"@id\":\"https:\/\/paraguay.vatsur.org\/site\/#website\",\"url\":\"https:\/\/paraguay.vatsur.org\/site\/\",\"name\":\"VATSIM Paraguay\",\"description\":\"Bienvenido a VATSIM Paraguay, subdivisi\u00f3n oficial de VATSUR. Coordinamos el control a\u00e9reo virtual ATC, formaci\u00f3n de pilotos ATO.\",\"potentialAction\":[{\"@type\":\"SearchAction\",\"target\":{\"@type\":\"EntryPoint\",\"urlTemplate\":\"https:\/\/paraguay.vatsur.org\/site\/?s={search_term_string}\"},\"query-input\":{\"@type\":\"PropertyValueSpecification\",\"valueRequired\":true,\"valueName\":\"search_term_string\"}}],\"inLanguage\":\"gn-PY\"}]}<\/script>\n<!-- \/ Yoast SEO plugin. -->","yoast_head_json":{"title":"Rango ATC - VATSIM Paraguay","robots":{"index":"noindex","follow":"follow","max-snippet":"max-snippet:-1","max-image-preview":"max-image-preview:large","max-video-preview":"max-video-preview:-1"},"og_locale":"gn_PY","og_type":"article","og_title":"Rango ATC - VATSIM Paraguay","og_url":"https:\/\/paraguay.vatsur.org\/site\/gn\/rango-atc\/","og_site_name":"VATSIM Paraguay","article_modified_time":"2025-06-30T04:47:33+00:00","twitter_card":"summary_large_image","twitter_misc":{"Est. reading time":"6 minutes"},"schema":{"@context":"https:\/\/schema.org","@graph":[{"@type":"WebPage","@id":"https:\/\/paraguay.vatsur.org\/site\/rango-atc\/","url":"https:\/\/paraguay.vatsur.org\/site\/rango-atc\/","name":"Rango ATC - VATSIM Paraguay","isPartOf":{"@id":"https:\/\/paraguay.vatsur.org\/site\/#website"},"datePublished":"2025-06-30T04:45:02+00:00","dateModified":"2025-06-30T04:47:33+00:00","breadcrumb":{"@id":"https:\/\/paraguay.vatsur.org\/site\/rango-atc\/#breadcrumb"},"inLanguage":"gn-PY","potentialAction":[{"@type":"ReadAction","target":["https:\/\/paraguay.vatsur.org\/site\/rango-atc\/"]}]},{"@type":"BreadcrumbList","@id":"https:\/\/paraguay.vatsur.org\/site\/rango-atc\/#breadcrumb","itemListElement":[{"@type":"ListItem","position":1,"name":"Inicio","item":"https:\/\/paraguay.vatsur.org\/site\/"},{"@type":"ListItem","position":2,"name":"Rango ATC"}]},{"@type":"WebSite","@id":"https:\/\/paraguay.vatsur.org\/site\/#website","url":"https:\/\/paraguay.vatsur.org\/site\/","name":"VATSIM Paraguay","description":"Bienvenido a VATSIM Paraguay, subdivisi\u00f3n oficial de VATSUR. Coordinamos el control a\u00e9reo virtual ATC, formaci\u00f3n de pilotos ATO.","potentialAction":[{"@type":"SearchAction","target":{"@type":"EntryPoint","urlTemplate":"https:\/\/paraguay.vatsur.org\/site\/?s={search_term_string}"},"query-input":{"@type":"PropertyValueSpecification","valueRequired":true,"valueName":"search_term_string"}}],"inLanguage":"gn-PY"}]}},"brizy_media":[],"_links":{"self":[{"href":"https:\/\/paraguay.vatsur.org\/site\/gn\/wp-json\/wp\/v2\/pages\/176","targetHints":{"allow":["GET"]}}],"collection":[{"href":"https:\/\/paraguay.vatsur.org\/site\/gn\/wp-json\/wp\/v2\/pages"}],"about":[{"href":"https:\/\/paraguay.vatsur.org\/site\/gn\/wp-json\/wp\/v2\/types\/page"}],"author":[{"embeddable":true,"href":"https:\/\/paraguay.vatsur.org\/site\/gn\/wp-json\/wp\/v2\/users\/2"}],"replies":[{"embeddable":true,"href":"https:\/\/paraguay.vatsur.org\/site\/gn\/wp-json\/wp\/v2\/comments?post=176"}],"version-history":[{"count":2,"href":"https:\/\/paraguay.vatsur.org\/site\/gn\/wp-json\/wp\/v2\/pages\/176\/revisions"}],"predecessor-version":[{"id":179,"href":"https:\/\/paraguay.vatsur.org\/site\/gn\/wp-json\/wp\/v2\/pages\/176\/revisions\/179"}],"wp:attachment":[{"href":"https:\/\/paraguay.vatsur.org\/site\/gn\/wp-json\/wp\/v2\/media?parent=176"}],"curies":[{"name":"wp","href":"https:\/\/api.w.org\/{rel}","templated":true}]}}