{"id":107,"date":"2025-06-29T01:43:52","date_gmt":"2025-06-29T04:43:52","guid":{"rendered":"https:\/\/paraguay.vatsur.org\/site\/?page_id=107"},"modified":"2026-02-28T14:03:35","modified_gmt":"2026-02-28T17:03:35","slug":"staff-vatpar","status":"publish","type":"page","link":"https:\/\/paraguay.vatsur.org\/site\/staff-vatpar\/","title":{"rendered":"Staff VATPAR"},"content":{"rendered":"\n\n","protected":false},"excerpt":{"rendered":"","protected":false},"author":2,"featured_media":0,"parent":0,"menu_order":0,"comment_status":"closed","ping_status":"closed","template":"full-width","meta":{"saved_in_kubio":true,"footnotes":""},"class_list":["post-107","page","type-page","status-publish","hentry"],"kubio_ai_page_context":{"short_desc":"","purpose":"general"},"yoast_head":"<!-- This site is optimized with the Yoast SEO plugin v25.5 - https:\/\/yoast.com\/wordpress\/plugins\/seo\/ -->\n<title>Staff VATPAR - VATSIM Paraguay<\/title>\n<meta name=\"robots\" content=\"noindex, follow, max-snippet:-1, max-image-preview:large, max-video-preview:-1\" \/>\n<meta property=\"og:locale\" content=\"es_MX\" \/>\n<meta property=\"og:type\" content=\"article\" \/>\n<meta property=\"og:title\" content=\"Staff VATPAR - VATSIM Paraguay\" \/>\n<meta property=\"og:url\" content=\"https:\/\/paraguay.vatsur.org\/site\/staff-vatpar\/\" \/>\n<meta property=\"og:site_name\" content=\"VATSIM Paraguay\" \/>\n<meta property=\"article:modified_time\" content=\"2026-02-28T17:03:35+00:00\" \/>\n<meta name=\"twitter:card\" content=\"summary_large_image\" \/>\n<script type=\"application\/ld+json\" class=\"yoast-schema-graph\">{\"@context\":\"https:\/\/schema.org\",\"@graph\":[{\"@type\":\"WebPage\",\"@id\":\"https:\/\/paraguay.vatsur.org\/site\/staff-vatpar\/\",\"url\":\"https:\/\/paraguay.vatsur.org\/site\/staff-vatpar\/\",\"name\":\"Staff VATPAR - VATSIM Paraguay\",\"isPartOf\":{\"@id\":\"https:\/\/paraguay.vatsur.org\/site\/#website\"},\"datePublished\":\"2025-06-29T04:43:52+00:00\",\"dateModified\":\"2026-02-28T17:03:35+00:00\",\"breadcrumb\":{\"@id\":\"https:\/\/paraguay.vatsur.org\/site\/staff-vatpar\/#breadcrumb\"},\"inLanguage\":\"es\",\"potentialAction\":[{\"@type\":\"ReadAction\",\"target\":[\"https:\/\/paraguay.vatsur.org\/site\/staff-vatpar\/\"]}]},{\"@type\":\"BreadcrumbList\",\"@id\":\"https:\/\/paraguay.vatsur.org\/site\/staff-vatpar\/#breadcrumb\",\"itemListElement\":[{\"@type\":\"ListItem\",\"position\":1,\"name\":\"Inicio\",\"item\":\"https:\/\/paraguay.vatsur.org\/site\/\"},{\"@type\":\"ListItem\",\"position\":2,\"name\":\"Staff VATPAR\"}]},{\"@type\":\"WebSite\",\"@id\":\"https:\/\/paraguay.vatsur.org\/site\/#website\",\"url\":\"https:\/\/paraguay.vatsur.org\/site\/\",\"name\":\"VATSIM Paraguay\",\"description\":\"Bienvenido a VATSIM Paraguay, subdivisi\u00f3n oficial de VATSUR. Coordinamos el control a\u00e9reo virtual ATC, formaci\u00f3n de pilotos ATO.\",\"potentialAction\":[{\"@type\":\"SearchAction\",\"target\":{\"@type\":\"EntryPoint\",\"urlTemplate\":\"https:\/\/paraguay.vatsur.org\/site\/?s={search_term_string}\"},\"query-input\":{\"@type\":\"PropertyValueSpecification\",\"valueRequired\":true,\"valueName\":\"search_term_string\"}}],\"inLanguage\":\"es\"}]}<\/script>\n<!-- \/ Yoast SEO plugin. -->","yoast_head_json":{"title":"Staff VATPAR - VATSIM Paraguay","robots":{"index":"noindex","follow":"follow","max-snippet":"max-snippet:-1","max-image-preview":"max-image-preview:large","max-video-preview":"max-video-preview:-1"},"og_locale":"es_MX","og_type":"article","og_title":"Staff VATPAR - VATSIM Paraguay","og_url":"https:\/\/paraguay.vatsur.org\/site\/staff-vatpar\/","og_site_name":"VATSIM Paraguay","article_modified_time":"2026-02-28T17:03:35+00:00","twitter_card":"summary_large_image","schema":{"@context":"https:\/\/schema.org","@graph":[{"@type":"WebPage","@id":"https:\/\/paraguay.vatsur.org\/site\/staff-vatpar\/","url":"https:\/\/paraguay.vatsur.org\/site\/staff-vatpar\/","name":"Staff VATPAR - VATSIM Paraguay","isPartOf":{"@id":"https:\/\/paraguay.vatsur.org\/site\/#website"},"datePublished":"2025-06-29T04:43:52+00:00","dateModified":"2026-02-28T17:03:35+00:00","breadcrumb":{"@id":"https:\/\/paraguay.vatsur.org\/site\/staff-vatpar\/#breadcrumb"},"inLanguage":"es","potentialAction":[{"@type":"ReadAction","target":["https:\/\/paraguay.vatsur.org\/site\/staff-vatpar\/"]}]},{"@type":"BreadcrumbList","@id":"https:\/\/paraguay.vatsur.org\/site\/staff-vatpar\/#breadcrumb","itemListElement":[{"@type":"ListItem","position":1,"name":"Inicio","item":"https:\/\/paraguay.vatsur.org\/site\/"},{"@type":"ListItem","position":2,"name":"Staff VATPAR"}]},{"@type":"WebSite","@id":"https:\/\/paraguay.vatsur.org\/site\/#website","url":"https:\/\/paraguay.vatsur.org\/site\/","name":"VATSIM Paraguay","description":"Bienvenido a VATSIM Paraguay, subdivisi\u00f3n oficial de VATSUR. Coordinamos el control a\u00e9reo virtual ATC, formaci\u00f3n de pilotos ATO.","potentialAction":[{"@type":"SearchAction","target":{"@type":"EntryPoint","urlTemplate":"https:\/\/paraguay.vatsur.org\/site\/?s={search_term_string}"},"query-input":{"@type":"PropertyValueSpecification","valueRequired":true,"valueName":"search_term_string"}}],"inLanguage":"es"}]}},"brizy_media":[],"_links":{"self":[{"href":"https:\/\/paraguay.vatsur.org\/site\/wp-json\/wp\/v2\/pages\/107","targetHints":{"allow":["GET"]}}],"collection":[{"href":"https:\/\/paraguay.vatsur.org\/site\/wp-json\/wp\/v2\/pages"}],"about":[{"href":"https:\/\/paraguay.vatsur.org\/site\/wp-json\/wp\/v2\/types\/page"}],"author":[{"embeddable":true,"href":"https:\/\/paraguay.vatsur.org\/site\/wp-json\/wp\/v2\/users\/2"}],"replies":[{"embeddable":true,"href":"https:\/\/paraguay.vatsur.org\/site\/wp-json\/wp\/v2\/comments?post=107"}],"version-history":[{"count":10,"href":"https:\/\/paraguay.vatsur.org\/site\/wp-json\/wp\/v2\/pages\/107\/revisions"}],"predecessor-version":[{"id":463,"href":"https:\/\/paraguay.vatsur.org\/site\/wp-json\/wp\/v2\/pages\/107\/revisions\/463"}],"wp:attachment":[{"href":"https:\/\/paraguay.vatsur.org\/site\/wp-json\/wp\/v2\/media?parent=107"}],"curies":[{"name":"wp","href":"https:\/\/api.w.org\/{rel}","templated":true}]}}