{"id":144,"date":"2025-06-29T03:40:53","date_gmt":"2025-06-29T06:40:53","guid":{"rendered":"https:\/\/paraguay.vatsur.org\/site\/?page_id=144"},"modified":"2025-09-29T23:30:58","modified_gmt":"2025-09-30T02:30:58","slug":"utilidades","status":"publish","type":"page","link":"https:\/\/paraguay.vatsur.org\/site\/utilidades\/","title":{"rendered":"Utilidades"},"content":{"rendered":"\n\n","protected":false},"excerpt":{"rendered":"","protected":false},"author":2,"featured_media":0,"parent":0,"menu_order":0,"comment_status":"closed","ping_status":"closed","template":"full-width","meta":{"saved_in_kubio":true,"footnotes":""},"class_list":["post-144","page","type-page","status-publish","hentry"],"kubio_ai_page_context":{"short_desc":"","purpose":"general"},"yoast_head":"<!-- This site is optimized with the Yoast SEO plugin v25.5 - https:\/\/yoast.com\/wordpress\/plugins\/seo\/ -->\n<title>Utilidades - VATSIM Paraguay<\/title>\n<meta name=\"robots\" content=\"noindex, follow, max-snippet:-1, max-image-preview:large, max-video-preview:-1\" \/>\n<meta property=\"og:locale\" content=\"es_MX\" \/>\n<meta property=\"og:type\" content=\"article\" \/>\n<meta property=\"og:title\" content=\"Utilidades - VATSIM Paraguay\" \/>\n<meta property=\"og:url\" content=\"https:\/\/paraguay.vatsur.org\/site\/utilidades\/\" \/>\n<meta property=\"og:site_name\" content=\"VATSIM Paraguay\" \/>\n<meta property=\"article:modified_time\" content=\"2025-09-30T02:30:58+00:00\" \/>\n<meta name=\"twitter:card\" content=\"summary_large_image\" \/>\n<script type=\"application\/ld+json\" class=\"yoast-schema-graph\">{\"@context\":\"https:\/\/schema.org\",\"@graph\":[{\"@type\":\"WebPage\",\"@id\":\"https:\/\/paraguay.vatsur.org\/site\/utilidades\/\",\"url\":\"https:\/\/paraguay.vatsur.org\/site\/utilidades\/\",\"name\":\"Utilidades - VATSIM Paraguay\",\"isPartOf\":{\"@id\":\"https:\/\/paraguay.vatsur.org\/site\/#website\"},\"datePublished\":\"2025-06-29T06:40:53+00:00\",\"dateModified\":\"2025-09-30T02:30:58+00:00\",\"breadcrumb\":{\"@id\":\"https:\/\/paraguay.vatsur.org\/site\/utilidades\/#breadcrumb\"},\"inLanguage\":\"es\",\"potentialAction\":[{\"@type\":\"ReadAction\",\"target\":[\"https:\/\/paraguay.vatsur.org\/site\/utilidades\/\"]}]},{\"@type\":\"BreadcrumbList\",\"@id\":\"https:\/\/paraguay.vatsur.org\/site\/utilidades\/#breadcrumb\",\"itemListElement\":[{\"@type\":\"ListItem\",\"position\":1,\"name\":\"Inicio\",\"item\":\"https:\/\/paraguay.vatsur.org\/site\/\"},{\"@type\":\"ListItem\",\"position\":2,\"name\":\"Utilidades\"}]},{\"@type\":\"WebSite\",\"@id\":\"https:\/\/paraguay.vatsur.org\/site\/#website\",\"url\":\"https:\/\/paraguay.vatsur.org\/site\/\",\"name\":\"VATSIM Paraguay\",\"description\":\"Bienvenido a VATSIM Paraguay, subdivisi\u00f3n oficial de VATSUR. Coordinamos el control a\u00e9reo virtual ATC, formaci\u00f3n de pilotos ATO.\",\"potentialAction\":[{\"@type\":\"SearchAction\",\"target\":{\"@type\":\"EntryPoint\",\"urlTemplate\":\"https:\/\/paraguay.vatsur.org\/site\/?s={search_term_string}\"},\"query-input\":{\"@type\":\"PropertyValueSpecification\",\"valueRequired\":true,\"valueName\":\"search_term_string\"}}],\"inLanguage\":\"es\"}]}<\/script>\n<!-- \/ Yoast SEO plugin. -->","yoast_head_json":{"title":"Utilidades - VATSIM Paraguay","robots":{"index":"noindex","follow":"follow","max-snippet":"max-snippet:-1","max-image-preview":"max-image-preview:large","max-video-preview":"max-video-preview:-1"},"og_locale":"es_MX","og_type":"article","og_title":"Utilidades - VATSIM Paraguay","og_url":"https:\/\/paraguay.vatsur.org\/site\/utilidades\/","og_site_name":"VATSIM Paraguay","article_modified_time":"2025-09-30T02:30:58+00:00","twitter_card":"summary_large_image","schema":{"@context":"https:\/\/schema.org","@graph":[{"@type":"WebPage","@id":"https:\/\/paraguay.vatsur.org\/site\/utilidades\/","url":"https:\/\/paraguay.vatsur.org\/site\/utilidades\/","name":"Utilidades - VATSIM Paraguay","isPartOf":{"@id":"https:\/\/paraguay.vatsur.org\/site\/#website"},"datePublished":"2025-06-29T06:40:53+00:00","dateModified":"2025-09-30T02:30:58+00:00","breadcrumb":{"@id":"https:\/\/paraguay.vatsur.org\/site\/utilidades\/#breadcrumb"},"inLanguage":"es","potentialAction":[{"@type":"ReadAction","target":["https:\/\/paraguay.vatsur.org\/site\/utilidades\/"]}]},{"@type":"BreadcrumbList","@id":"https:\/\/paraguay.vatsur.org\/site\/utilidades\/#breadcrumb","itemListElement":[{"@type":"ListItem","position":1,"name":"Inicio","item":"https:\/\/paraguay.vatsur.org\/site\/"},{"@type":"ListItem","position":2,"name":"Utilidades"}]},{"@type":"WebSite","@id":"https:\/\/paraguay.vatsur.org\/site\/#website","url":"https:\/\/paraguay.vatsur.org\/site\/","name":"VATSIM Paraguay","description":"Bienvenido a VATSIM Paraguay, subdivisi\u00f3n oficial de VATSUR. Coordinamos el control a\u00e9reo virtual ATC, formaci\u00f3n de pilotos ATO.","potentialAction":[{"@type":"SearchAction","target":{"@type":"EntryPoint","urlTemplate":"https:\/\/paraguay.vatsur.org\/site\/?s={search_term_string}"},"query-input":{"@type":"PropertyValueSpecification","valueRequired":true,"valueName":"search_term_string"}}],"inLanguage":"es"}]}},"brizy_media":[],"_links":{"self":[{"href":"https:\/\/paraguay.vatsur.org\/site\/wp-json\/wp\/v2\/pages\/144","targetHints":{"allow":["GET"]}}],"collection":[{"href":"https:\/\/paraguay.vatsur.org\/site\/wp-json\/wp\/v2\/pages"}],"about":[{"href":"https:\/\/paraguay.vatsur.org\/site\/wp-json\/wp\/v2\/types\/page"}],"author":[{"embeddable":true,"href":"https:\/\/paraguay.vatsur.org\/site\/wp-json\/wp\/v2\/users\/2"}],"replies":[{"embeddable":true,"href":"https:\/\/paraguay.vatsur.org\/site\/wp-json\/wp\/v2\/comments?post=144"}],"version-history":[{"count":4,"href":"https:\/\/paraguay.vatsur.org\/site\/wp-json\/wp\/v2\/pages\/144\/revisions"}],"predecessor-version":[{"id":369,"href":"https:\/\/paraguay.vatsur.org\/site\/wp-json\/wp\/v2\/pages\/144\/revisions\/369"}],"wp:attachment":[{"href":"https:\/\/paraguay.vatsur.org\/site\/wp-json\/wp\/v2\/media?parent=144"}],"curies":[{"name":"wp","href":"https:\/\/api.w.org\/{rel}","templated":true}]}}